{"id":4827,"date":"2022-12-19T18:33:38","date_gmt":"2022-12-19T18:33:38","guid":{"rendered":"https:\/\/di.realhomes.io\/ultra\/?page_id=4827"},"modified":"2026-03-27T02:42:23","modified_gmt":"2026-03-27T01:42:23","slug":"questions-utiles","status":"publish","type":"page","link":"https:\/\/maakann.com\/en\/questions-utiles\/","title":{"rendered":"Questions utiles"},"content":{"rendered":"<div class=\"qae-faqs-container qae-faqs-toggle-container\">\n\t\t\t\t\t\t<div id=\"qaef-4833\" class=\"qe-faq-toggle agents-faos\">\n\t\t\t<div class=\"qe-toggle-title\">\n\t\t\t\t<h4>\n\t\t\t\t\t<i class=\"fa fa-minus-circle\"><\/i> Qu\u2019est-ce que Maakann ?\t\t\t\t<\/h4>\n\t\t\t<\/div>\n\t\t\t<div class=\"qe-toggle-content\">\n\t\t\t\t\n<p>Maakann est une plateforme immobili\u00e8re qui vous permet de trouver facilement un logement, un terrain ou un local au S\u00e9n\u00e9gal, en toute transparence et sans interm\u00e9diaires complexes<\/p>\n\t\t\t<\/div>\n\t\t<\/div>\n\t\t\t\t<div id=\"qaef-4832\" class=\"qe-faq-toggle agents-faos\">\n\t\t\t<div class=\"qe-toggle-title\">\n\t\t\t\t<h4>\n\t\t\t\t\t<i class=\"fa fa-minus-circle\"><\/i> R\u00e9servations &#038; locations courte dur\u00e9e\t\t\t\t<\/h4>\n\t\t\t<\/div>\n\t\t\t<div class=\"qe-toggle-content\">\n\t\t\t\t\n<p>1.<strong>Comment r\u00e9server un logement sur Maakann ?<\/strong><br>Vous s\u00e9lectionnez vos dates, consultez le prix total et envoyez votre demande. Une confirmation vous sera faite apr\u00e8s validation.<\/p>\n\n\n\n<ol class=\"wp-block-list\"><\/ol>\n\n\n\n<hr class=\"wp-block-separator has-alpha-channel-opacity\" \/>\n\n\n\n<p><strong>2.Dois-je payer imm\u00e9diatement ?<\/strong><br>Oui, un acompte de <strong>40%<\/strong> est requis pour confirmer votre r\u00e9servation. Le reste est pay\u00e9 \u00e0 votre arriv\u00e9e.<\/p>\n\n\n\n<hr class=\"wp-block-separator has-alpha-channel-opacity\" \/>\n\n\n\n<p><strong>3. Les prix affich\u00e9s sont-ils fiables ?<\/strong><br>Oui, les prix sont calcul\u00e9s automatiquement en fonction du nombre de nuits et du tarif du bien.<\/p>\n\n\n\n<hr class=\"wp-block-separator has-alpha-channel-opacity\" \/>\n\n\n\n<p><strong>4. Puis-je annuler une r\u00e9servation ?<\/strong><br>Les conditions d\u2019annulation d\u00e9pendent du bien. Il est recommand\u00e9 de contacter notre \u00e9quipe pour toute demande.<\/p>\n\t\t\t<\/div>\n\t\t<\/div>\n\t\t\t\t<div id=\"qaef-4831\" class=\"qe-faq-toggle agents-faos\">\n\t\t\t<div class=\"qe-toggle-title\">\n\t\t\t\t<h4>\n\t\t\t\t\t<i class=\"fa fa-minus-circle\"><\/i> S\u00e9curit\u00e9 &#038; confiance\t\t\t\t<\/h4>\n\t\t\t<\/div>\n\t\t\t<div class=\"qe-toggle-content\">\n\t\t\t\t\n<p>1.<strong>Les biens sont-ils v\u00e9rifi\u00e9s ?<\/strong><br>Oui, nous travaillons \u00e0 v\u00e9rifier les biens publi\u00e9s afin de garantir leur authenticit\u00e9 et \u00e9viter les arnaques.<\/p>\n\n\n\n<hr class=\"wp-block-separator has-alpha-channel-opacity\" \/>\n\n\n\n<p><strong>2. Mes informations sont-elles s\u00e9curis\u00e9es ?<\/strong><br>Oui, vos donn\u00e9es sont prot\u00e9g\u00e9es et utilis\u00e9es uniquement dans le cadre de votre demande.<\/p>\n\n\n\n<p><\/p>\n\t\t\t<\/div>\n\t\t<\/div>\n\t\t\t\t<div id=\"qaef-4830\" class=\"qe-faq-toggle choosing-a-property\">\n\t\t\t<div class=\"qe-toggle-title\">\n\t\t\t\t<h4>\n\t\t\t\t\t<i class=\"fa fa-minus-circle\"><\/i> Comment devenir agence partenaire sur Maakann ?\t\t\t\t<\/h4>\n\t\t\t<\/div>\n\t\t\t<div class=\"qe-toggle-content\">\n\t\t\t\t\n<p>Pour collaborer avec Maakann en tant qu\u2019agence immobili\u00e8re, il vous suffit de cr\u00e9er un compte sur la plateforme.<\/p>\n\n\n\n<p>Une fois votre inscription effectu\u00e9e, notre \u00e9quipe vous contactera afin d\u2019\u00e9changer sur les normes et exigences de qualit\u00e9 que nous appliquons avec nos partenaires.<\/p>\n\n\n\n<p>Si ces conditions sont valid\u00e9es, un contrat de collaboration sera \u00e9tabli entre votre agence et Maakann.<br>Apr\u00e8s signature, votre compte sera officiellement activ\u00e9 et vous pourrez publier vos biens sur la plateforme.<\/p>\n\t\t\t<\/div>\n\t\t<\/div>\n\t\t\t\t<div id=\"qaef-4829\" class=\"qe-faq-toggle choosing-a-property\">\n\t\t\t<div class=\"qe-toggle-title\">\n\t\t\t\t<h4>\n\t\t\t\t\t<i class=\"fa fa-minus-circle\"><\/i> Puis-je visiter un bien avant de r\u00e9server ?\t\t\t\t<\/h4>\n\t\t\t<\/div>\n\t\t\t<div class=\"qe-toggle-content\">\n\t\t\t\t\n<p>Oui, vous pouvez demander une visite selon la disponibilit\u00e9 du bien.<\/p>\n\t\t\t<\/div>\n\t\t<\/div>\n\t\t            <\/div>\n\t\t\n\n\n\n<p><\/p>","protected":false},"excerpt":{"rendered":"","protected":false},"author":1,"featured_media":0,"parent":0,"menu_order":0,"comment_status":"closed","ping_status":"closed","template":"","meta":{"footnotes":""},"class_list":["post-4827","page","type-page","status-publish","hentry"],"yoast_head":"<!-- This site is optimized with the Yoast SEO plugin v27.3 - https:\/\/yoast.com\/product\/yoast-seo-wordpress\/ -->\n<title>Questions utiles - MAAKANN<\/title>\n<meta name=\"robots\" content=\"index, follow, max-snippet:-1, max-image-preview:large, max-video-preview:-1\" \/>\n<link rel=\"canonical\" href=\"https:\/\/maakann.com\/en\/questions-utiles\/\" \/>\n<meta property=\"og:locale\" content=\"en_US\" \/>\n<meta property=\"og:type\" content=\"article\" \/>\n<meta property=\"og:title\" content=\"Questions utiles - MAAKANN\" \/>\n<meta property=\"og:url\" content=\"https:\/\/maakann.com\/en\/questions-utiles\/\" \/>\n<meta property=\"og:site_name\" content=\"MAAKANN\" \/>\n<meta property=\"article:modified_time\" content=\"2026-03-27T01:42:23+00:00\" \/>\n<meta name=\"twitter:card\" content=\"summary_large_image\" \/>\n<meta name=\"twitter:label1\" content=\"Est. reading time\" \/>\n\t<meta name=\"twitter:data1\" content=\"1 minute\" \/>\n<script type=\"application\/ld+json\" class=\"yoast-schema-graph\">{\"@context\":\"https:\\\/\\\/schema.org\",\"@graph\":[{\"@type\":\"WebPage\",\"@id\":\"https:\\\/\\\/maakann.com\\\/questions-utiles\\\/\",\"url\":\"https:\\\/\\\/maakann.com\\\/questions-utiles\\\/\",\"name\":\"Questions utiles - MAAKANN\",\"isPartOf\":{\"@id\":\"https:\\\/\\\/maakann.com\\\/#website\"},\"datePublished\":\"2022-12-19T18:33:38+00:00\",\"dateModified\":\"2026-03-27T01:42:23+00:00\",\"breadcrumb\":{\"@id\":\"https:\\\/\\\/maakann.com\\\/questions-utiles\\\/#breadcrumb\"},\"inLanguage\":\"en-US\",\"potentialAction\":[{\"@type\":\"ReadAction\",\"target\":[\"https:\\\/\\\/maakann.com\\\/questions-utiles\\\/\"]}]},{\"@type\":\"BreadcrumbList\",\"@id\":\"https:\\\/\\\/maakann.com\\\/questions-utiles\\\/#breadcrumb\",\"itemListElement\":[{\"@type\":\"ListItem\",\"position\":1,\"name\":\"Home\",\"item\":\"https:\\\/\\\/maakann.com\\\/\"},{\"@type\":\"ListItem\",\"position\":2,\"name\":\"Questions utiles\"}]},{\"@type\":\"WebSite\",\"@id\":\"https:\\\/\\\/maakann.com\\\/#website\",\"url\":\"https:\\\/\\\/maakann.com\\\/\",\"name\":\"MAAKANN\",\"description\":\"Acc\u00e9dez au bon logement.\",\"publisher\":{\"@id\":\"https:\\\/\\\/maakann.com\\\/#organization\"},\"potentialAction\":[{\"@type\":\"SearchAction\",\"target\":{\"@type\":\"EntryPoint\",\"urlTemplate\":\"https:\\\/\\\/maakann.com\\\/?s={search_term_string}\"},\"query-input\":{\"@type\":\"PropertyValueSpecification\",\"valueRequired\":true,\"valueName\":\"search_term_string\"}}],\"inLanguage\":\"en-US\"},{\"@type\":\"Organization\",\"@id\":\"https:\\\/\\\/maakann.com\\\/#organization\",\"name\":\"MAAKANN\",\"url\":\"https:\\\/\\\/maakann.com\\\/\",\"logo\":{\"@type\":\"ImageObject\",\"inLanguage\":\"en-US\",\"@id\":\"https:\\\/\\\/maakann.com\\\/#\\\/schema\\\/logo\\\/image\\\/\",\"url\":\"https:\\\/\\\/maakann.com\\\/wp-content\\\/uploads\\\/2026\\\/02\\\/telechargement-e1771116212776.png\",\"contentUrl\":\"https:\\\/\\\/maakann.com\\\/wp-content\\\/uploads\\\/2026\\\/02\\\/telechargement-e1771116212776.png\",\"width\":592,\"height\":191,\"caption\":\"MAAKANN\"},\"image\":{\"@id\":\"https:\\\/\\\/maakann.com\\\/#\\\/schema\\\/logo\\\/image\\\/\"}}]}<\/script>\n<!-- \/ Yoast SEO plugin. -->","yoast_head_json":{"title":"Questions utiles - MAAKANN","robots":{"index":"index","follow":"follow","max-snippet":"max-snippet:-1","max-image-preview":"max-image-preview:large","max-video-preview":"max-video-preview:-1"},"canonical":"https:\/\/maakann.com\/en\/questions-utiles\/","og_locale":"en_US","og_type":"article","og_title":"Questions utiles - MAAKANN","og_url":"https:\/\/maakann.com\/en\/questions-utiles\/","og_site_name":"MAAKANN","article_modified_time":"2026-03-27T01:42:23+00:00","twitter_card":"summary_large_image","twitter_misc":{"Est. reading time":"1 minute"},"schema":{"@context":"https:\/\/schema.org","@graph":[{"@type":"WebPage","@id":"https:\/\/maakann.com\/questions-utiles\/","url":"https:\/\/maakann.com\/questions-utiles\/","name":"Questions utiles - MAAKANN","isPartOf":{"@id":"https:\/\/maakann.com\/#website"},"datePublished":"2022-12-19T18:33:38+00:00","dateModified":"2026-03-27T01:42:23+00:00","breadcrumb":{"@id":"https:\/\/maakann.com\/questions-utiles\/#breadcrumb"},"inLanguage":"en-US","potentialAction":[{"@type":"ReadAction","target":["https:\/\/maakann.com\/questions-utiles\/"]}]},{"@type":"BreadcrumbList","@id":"https:\/\/maakann.com\/questions-utiles\/#breadcrumb","itemListElement":[{"@type":"ListItem","position":1,"name":"Home","item":"https:\/\/maakann.com\/"},{"@type":"ListItem","position":2,"name":"Questions utiles"}]},{"@type":"WebSite","@id":"https:\/\/maakann.com\/#website","url":"https:\/\/maakann.com\/","name":"MAAKANN","description":"Acc\u00e9dez au bon logement.","publisher":{"@id":"https:\/\/maakann.com\/#organization"},"potentialAction":[{"@type":"SearchAction","target":{"@type":"EntryPoint","urlTemplate":"https:\/\/maakann.com\/?s={search_term_string}"},"query-input":{"@type":"PropertyValueSpecification","valueRequired":true,"valueName":"search_term_string"}}],"inLanguage":"en-US"},{"@type":"Organization","@id":"https:\/\/maakann.com\/#organization","name":"MAAKANN","url":"https:\/\/maakann.com\/","logo":{"@type":"ImageObject","inLanguage":"en-US","@id":"https:\/\/maakann.com\/#\/schema\/logo\/image\/","url":"https:\/\/maakann.com\/wp-content\/uploads\/2026\/02\/telechargement-e1771116212776.png","contentUrl":"https:\/\/maakann.com\/wp-content\/uploads\/2026\/02\/telechargement-e1771116212776.png","width":592,"height":191,"caption":"MAAKANN"},"image":{"@id":"https:\/\/maakann.com\/#\/schema\/logo\/image\/"}}]}},"_links":{"self":[{"href":"https:\/\/maakann.com\/en\/wp-json\/wp\/v2\/pages\/4827","targetHints":{"allow":["GET"]}}],"collection":[{"href":"https:\/\/maakann.com\/en\/wp-json\/wp\/v2\/pages"}],"about":[{"href":"https:\/\/maakann.com\/en\/wp-json\/wp\/v2\/types\/page"}],"author":[{"embeddable":true,"href":"https:\/\/maakann.com\/en\/wp-json\/wp\/v2\/users\/1"}],"replies":[{"embeddable":true,"href":"https:\/\/maakann.com\/en\/wp-json\/wp\/v2\/comments?post=4827"}],"version-history":[{"count":1,"href":"https:\/\/maakann.com\/en\/wp-json\/wp\/v2\/pages\/4827\/revisions"}],"predecessor-version":[{"id":8523,"href":"https:\/\/maakann.com\/en\/wp-json\/wp\/v2\/pages\/4827\/revisions\/8523"}],"wp:attachment":[{"href":"https:\/\/maakann.com\/en\/wp-json\/wp\/v2\/media?parent=4827"}],"curies":[{"name":"wp","href":"https:\/\/api.w.org\/{rel}","templated":true}]}}